{"id":3669,"date":"2016-06-14T10:53:41","date_gmt":"2016-06-14T08:53:41","guid":{"rendered":"https:\/\/varsoviagijon.com\/?page_id=3669"},"modified":"2016-07-18T11:55:28","modified_gmt":"2016-07-18T09:55:28","slug":"varsovia-on-the-road","status":"publish","type":"page","link":"https:\/\/varsoviagijon.com\/index.php\/home\/varsovia-on-the-road\/","title":{"rendered":"Varsovia on the road"},"content":{"rendered":"[vc_row type=\u00bbin_container\u00bb scene_position=\u00bbcenter\u00bb text_color=\u00bbdark\u00bb text_align=\u00bbleft\u00bb top_padding=\u00bb10%\u00bb overlay_strength=\u00bb0.3&#8243;][vc_column column_padding=\u00bbno-extra-padding\u00bb column_padding_position=\u00bball\u00bb background_color_opacity=\u00bb1&#8243; background_hover_color_opacity=\u00bb1&#8243; width=\u00bb1\/1&#8243;][vc_column_text]\n<h1 style=\"text-align: center;\">Nuestro bar, nuestro servicio, donde t\u00fa quieras<\/h1>\n[\/vc_column_text][\/vc_column][\/vc_row][vc_row type=\u00bbin_container\u00bb scene_position=\u00bbcenter\u00bb text_color=\u00bbdark\u00bb text_align=\u00bbleft\u00bb bottom_padding=\u00bb6%\u00bb overlay_strength=\u00bb0.3&#8243;][vc_column column_padding=\u00bbno-extra-padding\u00bb column_padding_position=\u00bball\u00bb background_color_opacity=\u00bb1&#8243; background_hover_color_opacity=\u00bb1&#8243; width=\u00bb1\/2&#8243;][vc_column_text css=\u00bb.vc_custom_1465898127809{margin-bottom: 10px !important;}\u00bb el_class=\u00bbvolver\u00bb]<a href=\"https:\/\/varsoviagijon.com\/index.php\/home\/#on-the-road\">&lt; Volver<\/a>[\/vc_column_text][vc_gallery type=\u00bbnectarslider_style\u00bb images=\u00bb3703,3704,3706,3705,3708&#8243; flexible_slider_height=\u00bbtrue\u00bb bullet_navigation=\u00bbtrue\u00bb bullet_navigation_style=\u00bbsee_through\u00bb onclick=\u00bblink_no\u00bb img_size=\u00bb900&#215;600&#8243;][\/vc_column][vc_column column_padding=\u00bbno-extra-padding\u00bb column_padding_position=\u00bball\u00bb background_color_opacity=\u00bb1&#8243; background_hover_color_opacity=\u00bb1&#8243; width=\u00bb1\/2&#8243;][vc_column_text css=\u00bb.vc_custom_1466418537763{margin-top: 50px !important;}\u00bb el_class=\u00bbroad-texto\u00bb]Sabemos que tu <strong>fiesta<\/strong>, tu <strong>boda<\/strong> o tu <strong>evento empresarial<\/strong> son muy importante para ti, por eso, con Varsovia On The Road, queremos ofrecerte el <strong>mejor servicio<\/strong> y las mejores bebidas.<\/p>\n<p>Los eventos perduran hoy en d\u00eda en forma de v\u00eddeo y\/o fotograf\u00edas, as\u00ed que la imagen tambi\u00e9n es algo que tenemos muy en cuenta: indumentaria, barras, orden, decoraci\u00f3n&#8230; Todo es parte de nuestro trabajo para que tus invitados disfruten de unos momentos que recuerden con agrado. <strong>Varsovia On The Road lleva el ambiente y la esencia de nuestro bar a donde lo necesites.<\/strong><\/p>\n<p>Con nosotros puedes contar con el mejor equipo para que la barra de tu evento sea tan incre\u00edble como todo lo dem\u00e1s. <strong>Nos encargamos de todo, t\u00fa solo has de decirnos el lugar y el momento, el resto lo hacemos nosotros.<\/strong><\/p>\n<p>Nuestro servicio es integral: barmans, licores y destilados, refrescos y mixers, hielos, frutas, barras y todo lo necesario para que tu evento brille.<\/p>\n<p>Te ofrecemos todo el abanico de posibilidades: <strong>desde combinados a cocteler\u00eda cl\u00e1sica, incluso c\u00f3cteles personalizados<\/strong>, creados <em>ad hoc<\/em> para tu evento, marca o empresa.<\/p>\n<p>Disponemos de multitud de tipos de cristaler\u00eda, diferentes tipos de barras y elementos decorativos, siempre con la idea de que tu evento sea \u00fanico y genuino.<\/p>\n<p><strong>\u00a1Preg\u00fantanos!<\/strong>[\/vc_column_text][\/vc_column][\/vc_row]\n","protected":false},"excerpt":{"rendered":"<p>[vc_row type=\u00bbin_container\u00bb scene_position=\u00bbcenter\u00bb text_color=\u00bbdark\u00bb text_align=\u00bbleft\u00bb top_padding=\u00bb10%\u00bb overlay_strength=\u00bb0.3&#8243;][vc_column column_padding=\u00bbno-extra-padding\u00bb column_padding_position=\u00bball\u00bb background_color_opacity=\u00bb1&#8243; background_hover_color_opacity=\u00bb1&#8243; width=\u00bb1\/1&#8243;][vc_column_text] Nuestro bar, nuestro servicio, donde t\u00fa quieras [\/vc_column_text][\/vc_column][\/vc_row][vc_row type=\u00bbin_container\u00bb scene_position=\u00bbcenter\u00bb text_color=\u00bbdark\u00bb text_align=\u00bbleft\u00bb bottom_padding=\u00bb6%\u00bb overlay_strength=\u00bb0.3&#8243;][vc_column column_padding=\u00bbno-extra-padding\u00bb column_padding_position=\u00bball\u00bb background_color_opacity=\u00bb1&#8243; background_hover_color_opacity=\u00bb1&#8243;&#8230;<\/p>\n","protected":false},"author":1,"featured_media":0,"parent":551,"menu_order":2,"comment_status":"closed","ping_status":"closed","template":"","meta":[],"_links":{"self":[{"href":"https:\/\/varsoviagijon.com\/index.php\/wp-json\/wp\/v2\/pages\/3669"}],"collection":[{"href":"https:\/\/varsoviagijon.com\/index.php\/wp-json\/wp\/v2\/pages"}],"about":[{"href":"https:\/\/varsoviagijon.com\/index.php\/wp-json\/wp\/v2\/types\/page"}],"author":[{"embeddable":true,"href":"https:\/\/varsoviagijon.com\/index.php\/wp-json\/wp\/v2\/users\/1"}],"replies":[{"embeddable":true,"href":"https:\/\/varsoviagijon.com\/index.php\/wp-json\/wp\/v2\/comments?post=3669"}],"version-history":[{"count":43,"href":"https:\/\/varsoviagijon.com\/index.php\/wp-json\/wp\/v2\/pages\/3669\/revisions"}],"predecessor-version":[{"id":3819,"href":"https:\/\/varsoviagijon.com\/index.php\/wp-json\/wp\/v2\/pages\/3669\/revisions\/3819"}],"up":[{"embeddable":true,"href":"https:\/\/varsoviagijon.com\/index.php\/wp-json\/wp\/v2\/pages\/551"}],"wp:attachment":[{"href":"https:\/\/varsoviagijon.com\/index.php\/wp-json\/wp\/v2\/media?parent=3669"}],"curies":[{"name":"wp","href":"https:\/\/api.w.org\/{rel}","templated":true}]}}