{"id":3847,"date":"2016-07-18T11:19:11","date_gmt":"2016-07-18T09:19:11","guid":{"rendered":"https:\/\/varsoviagijon.com\/?page_id=3847"},"modified":"2021-08-04T13:45:44","modified_gmt":"2021-08-04T11:45:44","slug":"politica-de-privacidad","status":"publish","type":"page","link":"https:\/\/varsoviagijon.com\/index.php\/politica-de-privacidad\/","title":{"rendered":"Pol\u00edtica de Privacidad"},"content":{"rendered":"[vc_row type=\u00bbin_container\u00bb scene_position=\u00bbcenter\u00bb text_color=\u00bbdark\u00bb text_align=\u00bbleft\u00bb top_padding=\u00bb10%\u00bb bottom_padding=\u00bb6%\u00bb overlay_strength=\u00bb0.3&#8243;][vc_column column_padding=\u00bbno-extra-padding\u00bb column_padding_position=\u00bball\u00bb background_color_opacity=\u00bb1&#8243; background_hover_color_opacity=\u00bb1&#8243; width=\u00bb1\/1&#8243;][vc_column_text]<strong>P\u00e1gina Web<\/strong><\/p>\n<p><strong><u>Pol\u00edtica de privacidad de www.varsoviagijon.com<\/u><\/strong><\/p>\n<p><strong>1 . Pol\u00edtica de Privacidad<\/strong><\/p>\n<p>En cumplimiento de lo dispuesto en el Reglamento General de Protecci\u00f3n de Datos vigente en la Uni\u00f3n Europea, el titular de este consentimiento autoriza a Varsovia, C.B. a tratar sus datos personales, y otorga esta autorizaci\u00f3n de manera expresa, libre, inequ\u00edvoca e informada.<\/p>\n<p>De la misma manera, el titular de este consentimiento ha sido informado de los siguientes datos:<\/p>\n<p>RESPONSABLE DEL TRATAMIENTO. El responsable del tratamiento es Varsovia, C.B., con domicilio en Calle Cabrales 18, 33201, Gij\u00f3n, Asturias.\u00a0 Email: info@varsoviagijon.com<\/p>\n<p>FINALIDAD. Los datos ser\u00e1n utilizados para:<\/p>\n<ol>\n<li>Gestionar su registro como usuario de la Plataforma: Los Datos Personales que nos aporte ser\u00e1n objeto de tratamiento para identificarle comousuario de la Plataforma y darle acceso a sus diferentes funcionalidades, productos y servicios que est\u00e1n a su disposici\u00f3n como usuario registrado.<\/li>\n<li>El desarrollo, cumplimiento y ejecuci\u00f3n del contrato de compraventa de los productos o servicios que ha adquirido o de cualquier otro contrato connosotros a trav\u00e9s de la Plataforma. En particular, deber\u00e1 tener en cuenta lo siguiente:<\/li>\n<li>En caso de que elija la opci\u00f3n de guardar sus datos de pago (tarjeta), nos autoriza expresamente al tratamiento de los datos indicados como necesarios para la activaci\u00f3n y desarrollo de la funcionalidad. El c\u00f3digo de seguridad de la tarjeta (CVV o CVC) \u00fanicamente se utiliza para realizar la compra en curso, y no ser\u00e1 almacenado ni tratado posteriormente como parte de sus datos de pago. El consentimiento para la activaci\u00f3n de esta funcionalidad, permite que aparezcan sus datos autocompletados en posteriores compras, por lo que no ser\u00e1 necesario introducir sus datos de pago en cada nuevo proceso, y se entender\u00e1n v\u00e1lidos y vigentes para compras posteriores. Podr\u00e1 modificar o eliminar sus tarjetas en cualquier momento a trav\u00e9s del apartado Tu \u00e1rea. Almacenamos y transmitimos los datos de sus tarjetas conforme a los principales est\u00e1ndares de confidencialidad y seguridad internacionales de tarjetas de cr\u00e9dito y d\u00e9bito. El uso de esta funcionalidad, podr\u00e1 requerir por motivos de seguridad la modificaci\u00f3n de su clave de acceso. Recuerde que la seguridad en el uso de la Plataforma tambi\u00e9n depende de su correcta utilizaci\u00f3n y conservaci\u00f3n de determinadas claves confidenciales.<\/li>\n<\/ol>\n<p>Contactar con usted a trav\u00e9s de correo electr\u00f3nico, llamadas telef\u00f3nicas, env\u00edo de SMS u otros medios de comunicaci\u00f3n electr\u00f3nicos equivalentes, en relaci\u00f3n a actualizaciones o comunicaciones informativas relacionadas con las funcionalidades, productos o servicios contratados, incluidas actualizaciones de seguridad de la Plataforma, siempre que sea necesario o razonable para su ejecuci\u00f3n.<\/p>\n<p>Atender las solicitudes o peticiones que realice a trav\u00e9s de los canales de Atenci\u00f3n al Cliente disponibles sobre nuestra Plataforma o Tiendas F\u00edsicas.<\/p>\n<p>PLAZO DE CONSERVACI\u00d3N. Los datos personales proporcionados se conservar\u00e1n durante un plazo de cinco a\u00f1os a partir de la \u00faltima confirmaci\u00f3n de su inter\u00e9s, salvo que se solicite su supresi\u00f3n por el interesado.<\/p>\n<p>Una vez resulta su solicitud de informaci\u00f3n por medio de nuestro formulario o contestada por correo electr\u00f3nico, si no ha generado un nuevo tratamiento, los datos personales proporcionados se conservaran desde ese momento y durante los plazos previstos en las leyes para el cumplimiento de obligaciones legales y para la atenci\u00f3n y defensa de las posibles responsabilidades nacidas del tratamiento.<\/p>\n<p>Y en caso de haber aceptado recibir env\u00edos comerciales, (mantenerle informado sobre la actividad) dichos datos ser\u00e1n conservados mientras dure la prestaci\u00f3n del servicio solicitado, hasta que solicite la baja de los mismos. Y una vez finalice nuestra relaci\u00f3n, durante los plazos previstos en las leyes para el cumplimiento de obligaciones legales y para la atenci\u00f3n y defensa de las posibles responsabilidades nacidas del tratamiento.<\/p>\n<p>LEGITIMACION. La base jur\u00eddica del tratamiento tiene su fundamento en el consentimiento que usted como usuario presta al solicitarnos informaci\u00f3n a trav\u00e9s de nuestro formulario de contactos y al marcar la casilla de aceptaci\u00f3n de env\u00edo de informaci\u00f3n.<\/p>\n<p>DESTINATARIOS. No est\u00e1 prevista la cesi\u00f3n de los datos personales a terceros, con excepci\u00f3n de la informaci\u00f3n expresamente recogida por Ley.<\/p>\n<p>DERECHOS. El interesado podr\u00e1 ejercitar los derechos en relaci\u00f3n sus datos personales que le concede el RGPD. Derechos de acceso, rectificaci\u00f3n, supresi\u00f3n, a la limitaci\u00f3n del tratamiento, a la portabilidad de los datos y a la oposici\u00f3n. El ejercicio de dichos derechos podr\u00e1 ejercitarlo dirigi\u00e9ndose por escrito al responsable del tratamiento. Asimismo, tiene derecho a retirar el consentimiento prestado y a reclamar ante la Agencia espa\u00f1ola de Protecci\u00f3n de Datos, en su condici\u00f3n de Autoridad de Control. Si necesita ayuda para formalizar dicha solicitud, le facilitaremos un formulario a tal efecto.<\/p>\n<p>PROCEDENCIA. Los datos recogidos son facilitados por el interesado a trav\u00e9s de los formularios de la p\u00e1gina web www.varsoviagijon.com.<\/p>\n<p>INFORMACI\u00d3N: Todos los datos ser\u00e1n tratados conforme a esta pol\u00edtica privacidad. Si no estuvieras de acuerdo con la misma, por favor, no nos env\u00edes tus datos. Recuerda que puede ponerse en contacto con nosotros a trav\u00e9s del correo electr\u00f3nico o visitarnos en nuestras instalaciones, para recibir informaci\u00f3n al respecto sin necesidad de remitirnos datos personales. Cuando nos env\u00edas tus datos personales a trav\u00e9s del formulario de contacto, es necesario que previamente aceptes esta pol\u00edtica de privacidad y para ello, deber\u00e1s marcar la casilla del checkbox \u201cHe le\u00eddo y acepto los t\u00e9rminos de la Pol\u00edtica de Privacidad\u201d. Nuestro sistema no te permitir\u00e1 enviar el formulario, sino aceptas la pol\u00edtica previamente.<\/p>\n<p>Cuando rellenas nuestro formulario de contacto web, nos est\u00e1s enviando tu nombre, tel\u00e9fono y correo electr\u00f3nico, datos personales sometidos a la legislaci\u00f3n vigente. Por ello, nos autorizas de manera expresa a la recogida y tratamiento de los mismos, bajo las condiciones que est\u00e1s leyendo. Esta informaci\u00f3n ser\u00e1 empleada exclusivamente para gestionar las finalidades recogidas en este consentimiento.<\/p>\n<p>Los usuarios responder\u00e1n, en cualquier caso, de la veracidad de los datos facilitados y se hacen responsables de comunicar cualquier modificaci\u00f3n en los mismos, quedando Varsovia, C.B. exento de cualquier tipo de responsabilidad a este respecto.<\/p>\n<p>Se advierte al Usuario que, salvo la existencia de una representaci\u00f3n legalmente constituida, ning\u00fan Usuario puede utilizar la identidad de otra persona y comunicar sus datos personales, por lo que el Usuario en todo momento deber\u00e1 tener en cuenta que, solo puede incluir datos personales correspondientes a su propia identidad y que sean adecuados, pertinentes, actuales, exactos y verdaderos. A tales efectos, el Usuario ser\u00e1 el \u00fanico responsable frente a cualquier da\u00f1o, directo y\/o indirecto que cause a terceros o a Varsovia, C.B. por el uso de datos personales de otra persona, o sus propios datos personales cuando sean falsos, err\u00f3neos, no actuales, inadecuados o impertinentes. Igualmente el Usuario que utilice los datos personales de un tercero, responder\u00e1 ante \u00e9ste de la obligaci\u00f3n de informaci\u00f3n establecida en el art\u00edculo 5.4 de la LOPD para cuando los datos de car\u00e1cter personal no hayan sido recabados del propio interesado y\/o de las consecuencias de no haberle informado.<\/p>\n<p>Queda prohibido su uso por personas menores de 18 a\u00f1os, en el supuesto de que el usuario sea menor de edad, \u00e9ste s\u00f3lo podr\u00e1 aportar sus datos personales en los formularios de recogida de los mismos, con el previo consentimiento de los padres o tutores, enviando el formulario correspondiente debidamente firmado por los padres o tutores por correo certificado y con copia del DNI del padre o tutor firmante a la siguiente direcci\u00f3n: info@varsoviagijon.com.<\/p>\n<p>Varsovia, C.B. no responde de aquellos datos de menores que sin poder conocer este hecho se hayan facilitado sin el consentimiento de los padres o tutores, por lo que no se hace responsable de sus acciones, siendo en todo momento el propio menor, sus padres o tutores quienes se har\u00e1n cargo de las consecuencias legales y los gastos que de ello se pudieran derivar.<\/p>\n<p>Si alguna informaci\u00f3n provista por el Usuario resultara falsa o inexacta, Varsovia, C.B. se reserva el derecho de cancelar la suscripci\u00f3n del Usuario y dar por terminados los derechos del Usuario a utilizar el Servicio.<\/p>\n<p>Estos datos personales ser\u00e1n incorporados en un registro titularidad de Varsovia, C.B., que mantenemos en el Registro General de Protecci\u00f3n de Datos. Los datos personales, se tratar\u00e1n principalmente en soporte automatizado, sometidos a controles y medidas de seguridad adecuadas, que evitar\u00e1n en la medida de lo posible, los accesos indebidos, p\u00e9rdidas de informaci\u00f3n o corrupci\u00f3n de los datos.<\/p>\n<p>Disponemos de servidores con capacidad suficiente para mantener estos datos con plenas garant\u00edas de seguridad, integridad y disponibilidad. Como titular de los datos puedes ejercer tus derechos dirigi\u00e9ndote a la direcci\u00f3n de correo electr\u00f3nico info@varsoviagijon.com, indicando en el asunto el derecho que quieres ejercer.<\/p>\n<p>Cuando se env\u00eden comunicaciones comerciales a los usuarios de nuestra web que hayan remitido el formulario de contacto, se establecer\u00e1 en la comunicaci\u00f3n, las indicaciones claras de c\u00f3mo proceder a revocar este consentimiento. Todos los env\u00edos de car\u00e1cter comercial o publicitario, podr\u00e1n ser cancelados por los usuarios en todo momento y siempre con un procedimiento sencillo y gratuito, mediante correo electr\u00f3nico solicitando baja o mediante el uso de un enlace de cancelaci\u00f3n. Por favor, no dudes en consultarnos este tema en cualquier momento o acceder a esta pol\u00edtica de privacidad nuevamente, en nuestra p\u00e1gina web.<\/p>\n<ul>\n<li><strong>. Suscripci\u00f3n al a Newsletter<\/strong><\/li>\n<\/ul>\n<p>En el caso de que autorice su suscripci\u00f3n a la Newsletter de Varsovia, C.B., le proporcionaremos informaci\u00f3n acerca de nuestros productos y servicios, a trav\u00e9s de diversos medios como, entre otros, correo electr\u00f3nico, cualquier otro medio de comunicaci\u00f3n electr\u00f3nica equivalente, como SMS, o a trav\u00e9s de la realizaci\u00f3n de llamadas telef\u00f3nicas. La subscripci\u00f3n a la Newsletter de puede conllevar el uso de sus Datos Personales para poner a su disposici\u00f3n publicidad personalizada, relacionada con nuestros productos y servicios a trav\u00e9s de e-mails, SMS, u otros medios electr\u00f3nicos propios o de terceros colaboradores. De cara a mejorar la atenci\u00f3n que le prestamos, le informamos que los Datos Personales relativos a sus compras en nuestras tiendas online y f\u00edsicas, gustos y preferencias pueden ser utilizados por con fines de an\u00e1lisis, generaci\u00f3n de perfiles de uso, estudios de marketing, encuestas de calidad y mejora de la interacci\u00f3n con nuestros clientes.<\/p>\n<p>En caso de ser un usuario registrado, puede cambiar sus preferencias en relaci\u00f3n al env\u00edo de tales comunicaciones comerciales a trav\u00e9s de Tu \u00e1rea. Asimismo, podr\u00e1 dar de baja su suscripci\u00f3n a trav\u00e9s de la secci\u00f3n Newsletter de la Plataforma en todo momento, as\u00ed como siguiendo las indicaciones que le facilitamos en cada comunicaci\u00f3n.<\/p>\n<ul>\n<li><strong>. Der echos de Protecci\u00f3n de Datos<\/strong><\/li>\n<\/ul>\n<p>Los Responsables del Tratamiento se comprometen a respetar la confidencialidad de sus Datos Personales y a garantizarle el ejercicio de sus derechos. En todo momento podr\u00e1 ejercer sus derechos de acceso, rectificaci\u00f3n, cancelaci\u00f3n, oposici\u00f3n, supresi\u00f3n y limitaci\u00f3n mediante el env\u00edo de un correo electr\u00f3nico a: info@varsoviagijon.com, indic\u00e1ndonos el motivo de su solicitud. En caso necesario, podremos solicitarle copia de su DNI, pasaporte u otro documento v\u00e1lido que lo identifique. En el caso de que decidiese ejercer dichos derechos y que como parte de los datos personales que nos hubiera facilitado conste el correo electr\u00f3nico le agradecer\u00edamos que en la mencionada comunicaci\u00f3n se hiciera constar espec\u00edficamente esa circunstancia, indicando la direcci\u00f3n de correo electr\u00f3nico respecto de la que desea ejercitar su derecho.<\/p>\n<ul>\n<li><strong>. Infor m aci\u00f3n Sobr e Cook ies<\/strong><\/li>\n<\/ul>\n<p>En cumplimiento con lo dispuesto en el art\u00edculo 22.2 de la Ley 34\/2002, de 11 de julio, de Servicios de la Sociedad de la Informaci\u00f3n y de Comercio Electr\u00f3nico, esta p\u00e1gina web le informa, en esta secci\u00f3n, sobre la pol\u00edtica de recogida y tratamiento de cookies.<\/p>\n<p>Una cookie es un fichero que se descarga en su ordenador al acceder a determinadas p\u00e1ginas web. Las cookies permiten a una p\u00e1gina web, entre otras cosas, almacenar y recuperar informaci\u00f3n sobre los h\u00e1bitos de navegaci\u00f3n de un usuario o de su equipo y, dependiendo de la informaci\u00f3n que contengan y de la forma en que utilice su equipo, pueden utilizarse para reconocer al usuario.<\/p>\n<p>Esta p\u00e1gina web utiliza los siguientes tipos de cookies:<\/p>\n<table width=\"599\">\n<tbody>\n<tr>\n<td width=\"189\">Cookies de an\u00e1lisis<\/p>\n<p>Cookies t\u00e9cnicas<\/p>\n<p>Cookies de personalizaci\u00f3n<\/p>\n<p>Cookies publicitarias<\/td>\n<td width=\"410\">Son aquellas que bien tratadas por nosotros o por terceros, nos permiten cuantificar el n\u00famero de usuarios y as\u00ed realizar la medici\u00f3n y an\u00e1lisis estad\u00edstico de la utilizaci\u00f3n que hacen los usuarios del servicio ofertado. Para ello se analiza su navegaci\u00f3n en nuestra p\u00e1gina web con el fin de mejorar la oferta de productos o servicios que le ofrecemos.<\/p>\n<p>Son aquellas que permiten al usuario la navegaci\u00f3n a trav\u00e9s del \u00e1rea restringida y la utilizaci\u00f3n de sus diferentes funciones, como por ejemplo, llevar a cambio el proceso de compra de un art\u00edculo.<\/p>\n<p>Son aquellas que permiten al usuario acceder al servicio con algunas caracter\u00edsticas de car\u00e1cter general predefinidas en funci\u00f3n de una serie de criterios en el terminal del usuario como por ejemplo serian el idioma o el tipo de navegador a trav\u00e9s del cual se conecta al servicio.<\/p>\n<p>Son aquellas que, bien tratadas por esta web o por terceros, permiten gestionar de la forma m\u00e1s eficaz posible la oferta de los espacios publicitarios que hay en la p\u00e1gina web, adecuando el contenido del anuncio al contenido del servicio solicitado o al uso que realice de nuestra p\u00e1gina web. Para ello podemos analizar sus h\u00e1bitos de navegaci\u00f3n en Internet y podemos mostrarle publicidad relacionada con su perfil de navegaci\u00f3n.<\/td>\n<\/tr>\n<tr>\n<td width=\"189\">Cookies de publicidad comportamental<\/td>\n<td width=\"410\">Son aquellas que permiten la gesti\u00f3n, de la forma m\u00e1s eficaz posible, de los espacios publicitarios que, en su caso, el editor haya incluido en una p\u00e1gina web, aplicaci\u00f3n o plataforma desde la que presta el servicio solicitado. Este tipo de cookies almacenan informaci\u00f3n del comportamiento de los visitantes obtenida a trav\u00e9s de la observaci\u00f3n continuada de sus h\u00e1bitos de navegaci\u00f3n, lo que permite desarrollar un perfil espec\u00edfico para mostrar avisos publicitarios en funci\u00f3n del mismo.<\/td>\n<\/tr>\n<\/tbody>\n<\/table>\n<p>Puede usted permitir, bloquear o eliminar las cookies instaladas en su equipo mediante la configuraci\u00f3n de las opciones del navegador instalado en su ordenador.<\/p>\n<p>En la mayor\u00eda de los navegadores web se ofrece la posibilidad de permitir, bloquear o eliminar las cookies instaladas en su equipo.<\/p>\n<p>A continuaci\u00f3n, puede acceder a la configuraci\u00f3n de los navegadores webs m\u00e1s frecuentes para aceptar, instalar o desactivar las cookies:<\/p>\n<p>Configurar cookies en Google Chrome<\/p>\n<p>Configurar cookies en Microsoft Internet Explorer<\/p>\n<p>Configurar cookies en Mozilla Firefox<\/p>\n<p>Configurar cookies en Safari (Apple)<br \/>\nEsta p\u00e1gina web utiliza servicios de terceros para recopilar informaci\u00f3n con fines estad\u00edsticos y de uso de la web. Se usan cookies de DoubleClick para mejorar la publicidad que se incluye en el sitio web. Son utilizadas para orientar la publicidad seg\u00fan el contenido que es relevante para un usuario, mejorando as\u00ed la calidad de experiencia en el uso del mismo.<\/p>\n<p>En concreto, usamos los servicios de Google Adsense y de Google Analytics para nuestras estad\u00edsticas y publicidad. Algunas cookies son esenciales para el funcionamiento del sitio, por ejemplo, el buscador incorporado.<\/p>\n<p>Nuestro sitio incluye otras funcionalidades proporcionadas por terceros. Usted puede f\u00e1cilmente compartir el contenido en redes sociales como Facebook, Twitter o Google +, con los botones que hemos incluido a tal efecto. <u>Advertencia sobre eliminar cookies<\/u><\/p>\n<p>Usted puede eliminar y bloquear todas las cookies de este sitio, pero parte del sitio no funcionar\u00e1 o la calidad de la p\u00e1gina web puede verse afectada.<\/p>\n<p>Si tiene cualquier duda acerca de nuestra pol\u00edtica de cookies, puede contactar con esta p\u00e1gina web a trav\u00e9s de nuestros canales de Contacto o a trav\u00e9s del email info@varsoviagijon.com.[\/vc_column_text][\/vc_column][\/vc_row]\n","protected":false},"excerpt":{"rendered":"<p>[vc_row type=\u00bbin_container\u00bb scene_position=\u00bbcenter\u00bb text_color=\u00bbdark\u00bb text_align=\u00bbleft\u00bb top_padding=\u00bb10%\u00bb bottom_padding=\u00bb6%\u00bb overlay_strength=\u00bb0.3&#8243;][vc_column column_padding=\u00bbno-extra-padding\u00bb column_padding_position=\u00bball\u00bb background_color_opacity=\u00bb1&#8243; background_hover_color_opacity=\u00bb1&#8243; width=\u00bb1\/1&#8243;][vc_column_text]P\u00e1gina Web Pol\u00edtica de privacidad de www.varsoviagijon.com 1 . Pol\u00edtica de Privacidad En cumplimiento de lo dispuesto en&#8230;<\/p>\n","protected":false},"author":1,"featured_media":0,"parent":0,"menu_order":3,"comment_status":"closed","ping_status":"closed","template":"","meta":[],"_links":{"self":[{"href":"https:\/\/varsoviagijon.com\/index.php\/wp-json\/wp\/v2\/pages\/3847"}],"collection":[{"href":"https:\/\/varsoviagijon.com\/index.php\/wp-json\/wp\/v2\/pages"}],"about":[{"href":"https:\/\/varsoviagijon.com\/index.php\/wp-json\/wp\/v2\/types\/page"}],"author":[{"embeddable":true,"href":"https:\/\/varsoviagijon.com\/index.php\/wp-json\/wp\/v2\/users\/1"}],"replies":[{"embeddable":true,"href":"https:\/\/varsoviagijon.com\/index.php\/wp-json\/wp\/v2\/comments?post=3847"}],"version-history":[{"count":10,"href":"https:\/\/varsoviagijon.com\/index.php\/wp-json\/wp\/v2\/pages\/3847\/revisions"}],"predecessor-version":[{"id":3962,"href":"https:\/\/varsoviagijon.com\/index.php\/wp-json\/wp\/v2\/pages\/3847\/revisions\/3962"}],"wp:attachment":[{"href":"https:\/\/varsoviagijon.com\/index.php\/wp-json\/wp\/v2\/media?parent=3847"}],"curies":[{"name":"wp","href":"https:\/\/api.w.org\/{rel}","templated":true}]}}